{"id":229,"date":"2023-11-09T08:39:16","date_gmt":"2023-11-09T08:39:16","guid":{"rendered":"https:\/\/www.xn--ieslasvias-09a.es\/?page_id=229"},"modified":"2023-11-09T08:39:19","modified_gmt":"2023-11-09T08:39:19","slug":"las-vinas","status":"publish","type":"page","link":"https:\/\/www.xn--ieslasvias-09a.es\/?page_id=229","title":{"rendered":"LAS VI\u00d1AS"},"content":{"rendered":"","protected":false},"excerpt":{"rendered":"","protected":false},"author":1,"featured_media":0,"parent":0,"menu_order":0,"comment_status":"closed","ping_status":"closed","template":"","meta":{"advanced_seo_description":"","jetpack_seo_html_title":"","jetpack_seo_noindex":false,"ngg_post_thumbnail":0,"footnotes":""},"class_list":["post-229","page","type-page","status-publish","hentry"],"jetpack_sharing_enabled":true,"jetpack-related-posts":[{"id":571,"url":"https:\/\/www.xn--ieslasvias-09a.es\/?page_id=571","url_meta":{"origin":229,"position":0},"title":"ORLARIO","author":"admin","date":"junio 19, 2024","format":false,"excerpt":"LAS ORLAS DE LAS VI\u00d1AS (haga clic en la imagen para agrandar)","rel":"","context":"Entrada similar","block_context":{"text":"Entrada similar","link":""},"img":{"alt_text":"","src":"","width":0,"height":0},"classes":[]},{"id":132,"url":"https:\/\/www.xn--ieslasvias-09a.es\/?page_id=132","url_meta":{"origin":229,"position":1},"title":"AVISO LEGAL","author":"admin","date":"noviembre 6, 2023","format":false,"excerpt":"1. DATOS IDENTIFICATIVOS En cumplimiento con el deber de informaci\u00f3n recogido en art\u00edculo 10 de la Ley 34\/2002, de 11 de julio, de Servicios de la Sociedad de la Informaci\u00f3n y del Comercio Electr\u00f3nico, a continuaci\u00f3n se reflejan los siguientes datos: la empresa titular de dominio web www.ieslasvi\u00f1as.es es el\u2026","rel":"","context":"Entrada similar","block_context":{"text":"Entrada similar","link":""},"img":{"alt_text":"","src":"","width":0,"height":0},"classes":[]},{"id":744,"url":"https:\/\/www.xn--ieslasvias-09a.es\/?page_id=744","url_meta":{"origin":229,"position":2},"title":"ELECCIONES 24","author":"admin","date":"diciembre 4, 2024","format":false,"excerpt":"El d\u00eda 5 de Diciembre se celebrar\u00e1 Las Elecciones IES LAS VI\u00d1AS 24 Muchos partidos politicos representados por nuestros alumnos se presentan, han llevado a cabo su propaganda, mediante panfletos, webs etc. Aqui est\u00e1n sus webs: (HAGA CLICK AL ENLACE PARA VER EL PROGRAMA) https:\/\/sites.google.com\/mollinaies.com\/partidopolticolasvias\/ppv - PPV https:\/\/sites.google.com\/mollinaies.com\/programa-electoral-mpe\/inicio- MPE https:\/\/sites.google.com\/mollinaies.com\/proyecto-de-tecno\/inicio\u2026","rel":"","context":"Entrada similar","block_context":{"text":"Entrada similar","link":""},"img":{"alt_text":"","src":"https:\/\/i0.wp.com\/www.xn--ieslasvias-09a.es\/wp-content\/uploads\/2024\/12\/WhatsApp-Image-2024-12-04-at-00.57.33-1.jpeg?resize=350%2C200&ssl=1","width":350,"height":200},"classes":[]}],"_links":{"self":[{"href":"https:\/\/www.xn--ieslasvias-09a.es\/index.php?rest_route=\/wp\/v2\/pages\/229","targetHints":{"allow":["GET"]}}],"collection":[{"href":"https:\/\/www.xn--ieslasvias-09a.es\/index.php?rest_route=\/wp\/v2\/pages"}],"about":[{"href":"https:\/\/www.xn--ieslasvias-09a.es\/index.php?rest_route=\/wp\/v2\/types\/page"}],"author":[{"embeddable":true,"href":"https:\/\/www.xn--ieslasvias-09a.es\/index.php?rest_route=\/wp\/v2\/users\/1"}],"replies":[{"embeddable":true,"href":"https:\/\/www.xn--ieslasvias-09a.es\/index.php?rest_route=%2Fwp%2Fv2%2Fcomments&post=229"}],"version-history":[{"count":1,"href":"https:\/\/www.xn--ieslasvias-09a.es\/index.php?rest_route=\/wp\/v2\/pages\/229\/revisions"}],"predecessor-version":[{"id":230,"href":"https:\/\/www.xn--ieslasvias-09a.es\/index.php?rest_route=\/wp\/v2\/pages\/229\/revisions\/230"}],"wp:attachment":[{"href":"https:\/\/www.xn--ieslasvias-09a.es\/index.php?rest_route=%2Fwp%2Fv2%2Fmedia&parent=229"}],"curies":[{"name":"wp","href":"https:\/\/api.w.org\/{rel}","templated":true}]}}