{"id":471,"date":"2024-04-26T12:03:49","date_gmt":"2024-04-26T12:03:49","guid":{"rendered":"https:\/\/www.xn--ieslasvias-09a.es\/?page_id=471"},"modified":"2024-04-26T12:03:51","modified_gmt":"2024-04-26T12:03:51","slug":"viaje-a-madrid-3o-eso","status":"publish","type":"page","link":"https:\/\/www.xn--ieslasvias-09a.es\/?page_id=471","title":{"rendered":"Viaje a Madrid 3\u00ba ESO"},"content":{"rendered":"\n<p>Nuestros alumnos de 3\u00ba han visitado el Madrid de los Austrias. y han estado en el Retiro, Museo de Ciencias Naturales, tambi\u00e9n estuvieron en el musical de Aladd\u00edn y por \u00faltimo Museo Del Prado. aqu\u00ed ten\u00e9is unas instant\u00e1neas.<\/p>\n\n\n\n<figure class=\"wp-block-gallery has-nested-images columns-default is-cropped wp-block-gallery-1 is-layout-flex wp-block-gallery-is-layout-flex\">\n<figure class=\"wp-block-image size-large\"><img loading=\"lazy\" decoding=\"async\" width=\"1024\" height=\"768\" data-id=\"473\" src=\"https:\/\/www.xn--ieslasvias-09a.es\/wp-content\/uploads\/2024\/04\/WhatsApp-Image-2024-04-24-at-20.59.48-1024x768.jpeg\" alt=\"\" class=\"wp-image-473\" srcset=\"https:\/\/www.xn--ieslasvias-09a.es\/wp-content\/uploads\/2024\/04\/WhatsApp-Image-2024-04-24-at-20.59.48-1024x768.jpeg 1024w, https:\/\/www.xn--ieslasvias-09a.es\/wp-content\/uploads\/2024\/04\/WhatsApp-Image-2024-04-24-at-20.59.48-300x225.jpeg 300w, https:\/\/www.xn--ieslasvias-09a.es\/wp-content\/uploads\/2024\/04\/WhatsApp-Image-2024-04-24-at-20.59.48-768x576.jpeg 768w, https:\/\/www.xn--ieslasvias-09a.es\/wp-content\/uploads\/2024\/04\/WhatsApp-Image-2024-04-24-at-20.59.48-1536x1152.jpeg 1536w, https:\/\/www.xn--ieslasvias-09a.es\/wp-content\/uploads\/2024\/04\/WhatsApp-Image-2024-04-24-at-20.59.48.jpeg 1600w\" sizes=\"auto, (max-width: 1024px) 100vw, 1024px\" \/><\/figure>\n\n\n\n<figure class=\"wp-block-image size-large\"><img loading=\"lazy\" decoding=\"async\" width=\"1024\" height=\"768\" data-id=\"474\" src=\"https:\/\/www.xn--ieslasvias-09a.es\/wp-content\/uploads\/2024\/04\/WhatsApp-Image-2024-04-24-at-20.59.49-2-1024x768.jpeg\" alt=\"\" class=\"wp-image-474\" srcset=\"https:\/\/www.xn--ieslasvias-09a.es\/wp-content\/uploads\/2024\/04\/WhatsApp-Image-2024-04-24-at-20.59.49-2-1024x768.jpeg 1024w, https:\/\/www.xn--ieslasvias-09a.es\/wp-content\/uploads\/2024\/04\/WhatsApp-Image-2024-04-24-at-20.59.49-2-300x225.jpeg 300w, https:\/\/www.xn--ieslasvias-09a.es\/wp-content\/uploads\/2024\/04\/WhatsApp-Image-2024-04-24-at-20.59.49-2-768x576.jpeg 768w, https:\/\/www.xn--ieslasvias-09a.es\/wp-content\/uploads\/2024\/04\/WhatsApp-Image-2024-04-24-at-20.59.49-2-1536x1152.jpeg 1536w, https:\/\/www.xn--ieslasvias-09a.es\/wp-content\/uploads\/2024\/04\/WhatsApp-Image-2024-04-24-at-20.59.49-2.jpeg 1600w\" sizes=\"auto, (max-width: 1024px) 100vw, 1024px\" \/><\/figure>\n\n\n\n<figure class=\"wp-block-image size-large\"><img loading=\"lazy\" decoding=\"async\" width=\"1024\" height=\"768\" data-id=\"475\" src=\"https:\/\/www.xn--ieslasvias-09a.es\/wp-content\/uploads\/2024\/04\/WhatsApp-Image-2024-04-24-at-20.59.49-4-1024x768.jpeg\" alt=\"\" class=\"wp-image-475\" srcset=\"https:\/\/www.xn--ieslasvias-09a.es\/wp-content\/uploads\/2024\/04\/WhatsApp-Image-2024-04-24-at-20.59.49-4-1024x768.jpeg 1024w, https:\/\/www.xn--ieslasvias-09a.es\/wp-content\/uploads\/2024\/04\/WhatsApp-Image-2024-04-24-at-20.59.49-4-300x225.jpeg 300w, https:\/\/www.xn--ieslasvias-09a.es\/wp-content\/uploads\/2024\/04\/WhatsApp-Image-2024-04-24-at-20.59.49-4-768x576.jpeg 768w, https:\/\/www.xn--ieslasvias-09a.es\/wp-content\/uploads\/2024\/04\/WhatsApp-Image-2024-04-24-at-20.59.49-4-1536x1152.jpeg 1536w, https:\/\/www.xn--ieslasvias-09a.es\/wp-content\/uploads\/2024\/04\/WhatsApp-Image-2024-04-24-at-20.59.49-4.jpeg 1600w\" sizes=\"auto, (max-width: 1024px) 100vw, 1024px\" \/><\/figure>\n\n\n\n<figure class=\"wp-block-image size-large\"><img loading=\"lazy\" decoding=\"async\" width=\"1024\" height=\"768\" data-id=\"472\" src=\"https:\/\/www.xn--ieslasvias-09a.es\/wp-content\/uploads\/2024\/04\/WhatsApp-Image-2024-04-24-at-20.59.49-1024x768.jpeg\" alt=\"\" class=\"wp-image-472\" srcset=\"https:\/\/www.xn--ieslasvias-09a.es\/wp-content\/uploads\/2024\/04\/WhatsApp-Image-2024-04-24-at-20.59.49-1024x768.jpeg 1024w, https:\/\/www.xn--ieslasvias-09a.es\/wp-content\/uploads\/2024\/04\/WhatsApp-Image-2024-04-24-at-20.59.49-300x225.jpeg 300w, https:\/\/www.xn--ieslasvias-09a.es\/wp-content\/uploads\/2024\/04\/WhatsApp-Image-2024-04-24-at-20.59.49-768x576.jpeg 768w, https:\/\/www.xn--ieslasvias-09a.es\/wp-content\/uploads\/2024\/04\/WhatsApp-Image-2024-04-24-at-20.59.49-1536x1152.jpeg 1536w, https:\/\/www.xn--ieslasvias-09a.es\/wp-content\/uploads\/2024\/04\/WhatsApp-Image-2024-04-24-at-20.59.49.jpeg 1600w\" sizes=\"auto, (max-width: 1024px) 100vw, 1024px\" \/><\/figure>\n<\/figure>\n\n\n\n<p><\/p>\n","protected":false},"excerpt":{"rendered":"<p>Nuestros alumnos de 3\u00ba han visitado el Madrid de los Austrias. y han estado en&#8230;<\/p>\n","protected":false},"author":1,"featured_media":476,"parent":0,"menu_order":0,"comment_status":"closed","ping_status":"closed","template":"","meta":{"advanced_seo_description":"","jetpack_seo_html_title":"","jetpack_seo_noindex":false,"ngg_post_thumbnail":0,"footnotes":""},"class_list":["post-471","page","type-page","status-publish","has-post-thumbnail","hentry"],"jetpack_sharing_enabled":true,"jetpack-related-posts":[{"id":710,"url":"https:\/\/www.xn--ieslasvias-09a.es\/?page_id=710","url_meta":{"origin":471,"position":0},"title":"PROGRAMACION DIDACTICA ANUAL","author":"admin","date":"noviembre 25, 2024","format":false,"excerpt":"CURSOMateriaENLACE A LAS PROGRAMACIONES1\u00baESOBiolog\u00eda y Geolog\u00edahttps:\/\/drive.google.com\/open?id=1mFiNbt7MpWcHEhtAn34GyDHDrzBP-PqA1\u00baESOComputaci\u00f3n y rob\u00f3ticahttps:\/\/drive.google.com\/open?id=132OQvgemKhZsf6RP47ubCMCUB6-8xvhy1\u00baESOCultura cl\u00e1sicahttps:\/\/drive.google.com\/open?id=1ER3bICY8ULTeSzc1x-IC0JDl5YJ0IhJ91\u00baESOEducaci\u00f3n F\u00edsicahttps:\/\/drive.google.com\/open?id=1SImPD4IEdbgBWpNiWtvh4kyQeeS0gmeU1\u00baESOEducaci\u00f3n F\u00edsicahttps:\/\/drive.google.com\/open?id=19MOLY34t4OgXidB5acWgfGKyJ8E4SUE3JdyRMKhiGqc1\u00baESOEPVAhttps:\/\/drive.google.com\/open?id=1PS2sgNE30lVO5amRb__pFYAszBY3WohH1\u00baESOGeograf\u00eda e Historiahttps:\/\/drive.google.com\/open?id=1GcQ_4JWK5JL0RqLejI2A2QnsazkppvS41\u00baESOIngl\u00e9shttps:\/\/drive.google.com\/open?id=1b2ecNQcxgEnYXXLVHsmuzTCY4CFsBBmE1\u00baESOLengua Castellana y Literaturahttps:\/\/drive.google.com\/open?id=1HbU6xppRtHq5n1IlD5FJxQNx6HBB6dmf1\u00baESOMatem\u00e1ticashttps:\/\/drive.google.com\/open?id=1y7aOjslGzciR_nBxyPIUTRH-22Sia6ru1\u00baESOOratoria y debatehttps:\/\/drive.google.com\/open?id=1p-f0masVtqVM9j0To4i5rtAJvrzbUrYp1\u00baESOFranc\u00e9s (Segundo Idioma)https:\/\/drive.google.com\/open?id=1L_uJTFfrjsmCeBpFfK0YHPQx48r9JVJv2\u00baESOAtenci\u00f3n Educativahttps:\/\/drive.google.com\/open?id=1FU2G4ZD4lNG1ML5StWS1FqTRtrCWEWHB2\u00baESOComputaci\u00f3n y rob\u00f3ticahttps:\/\/drive.google.com\/open?id=1nwPAWUXeet5AZa3uG9DLmSrWfdIY2XSL2\u00baESOCultura cl\u00e1sicahttps:\/\/drive.google.com\/open?id=1A4FA1PrK0SAfAO1S_-ep7pHYwjjQaon_2\u00baESOEducaci\u00f3n F\u00edsicahttps:\/\/drive.google.com\/open?id=1-K2KtFVgC9vmKZfSkBywruGV8aTiRiTo2\u00baESOEducaci\u00f3n F\u00edsicahttps:\/\/drive.google.com\/open?id=12t65sIDYYdauwfjDO8Ulz0fk6ksd8ahABmCp2sOzfxk2\u00baESOF\u00edsica y Qu\u00edmicahttps:\/\/drive.google.com\/open?id=1_e_LEZeARjSpBUY4lBa8AQB0VmTMHhyQ2\u00baESOGeograf\u00eda e Historiahttps:\/\/drive.google.com\/open?id=1p1CmMaEqT49g0EnXFTRiqsr-8PV9h6ue2\u00baESOIngl\u00e9shttps:\/\/drive.google.com\/open?id=1IeoUbp8PZTArevT_9cE3isrrgjXjdzn_2\u00baESOLengua Castellana y Literaturahttps:\/\/drive.google.com\/open?id=1G7HP39gYjrMUEcODOmW8SfNnY4IfV7AN2\u00baESOMatem\u00e1ticashttps:\/\/drive.google.com\/open?id=1EgOh_i_GrmGRq2nnGJEACnUjR7yRdVAC2\u00baESOOratoria y debatehttps:\/\/drive.google.com\/open?id=1PWsrUGvYKJOtWBrYhHSgB2EYM_p278gn2\u00baESOTecnolog\u00eda y digitalizaci\u00f3nhttps:\/\/drive.google.com\/open?id=1d8hxHeInpKk_-PUzGsE6GNBgLjGRuGXD2\u00baESOValoreshttps:\/\/drive.google.com\/open?id=1VPjfuCIuSbdPYQ-yUonq4S_Q2lIEtfeU2\u00baESOFranc\u00e9s (Segundo Idioma)https:\/\/drive.google.com\/open?id=1-OjWQEF_Z_-h1UKKJ_D-_oC_ctU3tmwA3\u00baESO\u00c1mbito Cient\u00edfico-Tecnol\u00f3gicohttps:\/\/drive.google.com\/open?id=1DnvVjYmiqob4gpeEJY0fXralf2LCrc2L3\u00baESO\u00c1mbito Cient\u00edfico-Tecnol\u00f3gicohttps:\/\/drive.google.com\/open?id=1TCTLlKO5-ZY9ZCbkGvhwo-O8x0We9WVi3\u00baESOBiolog\u00eda y Geolog\u00edahttps:\/\/drive.google.com\/open?id=1oSHp5W7x8TZ2s4lK15WfD6rWFm_2gtw-3\u00baESOComputaci\u00f3n y rob\u00f3ticahttps:\/\/drive.google.com\/open?id=1a0GczZp-2NdCgfcO9kHPQJJbyyWqJTX43\u00baESOCultura cl\u00e1sicahttps:\/\/drive.google.com\/open?id=1xbLiGAyMCOmno89jZFb9-_jZpkwYBBCG3\u00baESOEducaci\u00f3n F\u00edsicahttps:\/\/drive.google.com\/open?id=1qi7xRWpCtlefzMOhN2GfDbG_stdn3GOY3\u00baESOEducaci\u00f3n F\u00edsicahttps:\/\/drive.google.com\/open?id=1dotXpfFwquhxSFvjiwthPIWszVRlAm-NFkNyfz_NchA3\u00baESOEPVAhttps:\/\/drive.google.com\/open?id=1HqlZFX9ZtWEY6pq5uVYrOnaabapuUCGP3\u00baESOF\u00edsica y Qu\u00edmicahttps:\/\/drive.google.com\/open?id=1EpkY90NhaRNXMesdCLJ5qsJxBCGD79_-3\u00baESOGeograf\u00eda\u2026","rel":"","context":"Entrada similar","block_context":{"text":"Entrada similar","link":""},"img":{"alt_text":"","src":"","width":0,"height":0},"classes":[]},{"id":132,"url":"https:\/\/www.xn--ieslasvias-09a.es\/?page_id=132","url_meta":{"origin":471,"position":1},"title":"AVISO LEGAL","author":"admin","date":"noviembre 6, 2023","format":false,"excerpt":"1. DATOS IDENTIFICATIVOS En cumplimiento con el deber de informaci\u00f3n recogido en art\u00edculo 10 de la Ley 34\/2002, de 11 de julio, de Servicios de la Sociedad de la Informaci\u00f3n y del Comercio Electr\u00f3nico, a continuaci\u00f3n se reflejan los siguientes datos: la empresa titular de dominio web www.ieslasvi\u00f1as.es es el\u2026","rel":"","context":"Entrada similar","block_context":{"text":"Entrada similar","link":""},"img":{"alt_text":"","src":"","width":0,"height":0},"classes":[]}],"_links":{"self":[{"href":"https:\/\/www.xn--ieslasvias-09a.es\/index.php?rest_route=\/wp\/v2\/pages\/471","targetHints":{"allow":["GET"]}}],"collection":[{"href":"https:\/\/www.xn--ieslasvias-09a.es\/index.php?rest_route=\/wp\/v2\/pages"}],"about":[{"href":"https:\/\/www.xn--ieslasvias-09a.es\/index.php?rest_route=\/wp\/v2\/types\/page"}],"author":[{"embeddable":true,"href":"https:\/\/www.xn--ieslasvias-09a.es\/index.php?rest_route=\/wp\/v2\/users\/1"}],"replies":[{"embeddable":true,"href":"https:\/\/www.xn--ieslasvias-09a.es\/index.php?rest_route=%2Fwp%2Fv2%2Fcomments&post=471"}],"version-history":[{"count":1,"href":"https:\/\/www.xn--ieslasvias-09a.es\/index.php?rest_route=\/wp\/v2\/pages\/471\/revisions"}],"predecessor-version":[{"id":477,"href":"https:\/\/www.xn--ieslasvias-09a.es\/index.php?rest_route=\/wp\/v2\/pages\/471\/revisions\/477"}],"wp:featuredmedia":[{"embeddable":true,"href":"https:\/\/www.xn--ieslasvias-09a.es\/index.php?rest_route=\/wp\/v2\/media\/476"}],"wp:attachment":[{"href":"https:\/\/www.xn--ieslasvias-09a.es\/index.php?rest_route=%2Fwp%2Fv2%2Fmedia&parent=471"}],"curies":[{"name":"wp","href":"https:\/\/api.w.org\/{rel}","templated":true}]}}