{"id":710,"date":"2024-11-25T18:53:35","date_gmt":"2024-11-25T18:53:35","guid":{"rendered":"https:\/\/www.xn--ieslasvias-09a.es\/?page_id=710"},"modified":"2024-11-25T18:57:42","modified_gmt":"2024-11-25T18:57:42","slug":"programacion-didactica-anual","status":"publish","type":"page","link":"https:\/\/www.xn--ieslasvias-09a.es\/?page_id=710","title":{"rendered":"PROGRAMACION DIDACTICA ANUAL"},"content":{"rendered":"\n<figure class=\"wp-block-table\"><table class=\"has-fixed-layout\"><tbody><tr><td><strong>CURSO<\/strong><\/td><td><strong>Materia<\/strong><\/td><td><strong>ENLACE A LAS PROGRAMACIONES<\/strong><\/td><\/tr><tr><td>1\u00baESO<\/td><td>Biolog\u00eda y Geolog\u00eda<\/td><td><a href=\"https:\/\/drive.google.com\/open?id=1mFiNbt7MpWcHEhtAn34GyDHDrzBP-PqA\" target=\"_blank\" rel=\"noreferrer noopener\">https:\/\/drive.google.com\/open?id=1mFiNbt7MpWcHEhtAn34GyDHDrzBP-PqA<\/a><\/td><\/tr><tr><td>1\u00baESO<\/td><td>Computaci\u00f3n y rob\u00f3tica<\/td><td><a href=\"https:\/\/drive.google.com\/open?id=132OQvgemKhZsf6RP47ubCMCUB6-8xvhy\" target=\"_blank\" rel=\"noreferrer noopener\">https:\/\/drive.google.com\/open?id=132OQvgemKhZsf6RP47ubCMCUB6-8xvhy<\/a><\/td><\/tr><tr><td>1\u00baESO<\/td><td>Cultura cl\u00e1sica<\/td><td><a href=\"https:\/\/drive.google.com\/open?id=1ER3bICY8ULTeSzc1x-IC0JDl5YJ0IhJ9\" target=\"_blank\" rel=\"noreferrer noopener\">https:\/\/drive.google.com\/open?id=1ER3bICY8ULTeSzc1x-IC0JDl5YJ0IhJ9<\/a><\/td><\/tr><tr><td>1\u00baESO<\/td><td>Educaci\u00f3n F\u00edsica<\/td><td><a href=\"https:\/\/drive.google.com\/open?id=1SImPD4IEdbgBWpNiWtvh4kyQeeS0gmeU\" target=\"_blank\" rel=\"noreferrer noopener\">https:\/\/drive.google.com\/open?id=1SImPD4IEdbgBWpNiWtvh4kyQeeS0gmeU<\/a><\/td><\/tr><tr><td>1\u00baESO<\/td><td>Educaci\u00f3n F\u00edsica<\/td><td><a href=\"https:\/\/drive.google.com\/open?id=19MOLY34t4OgXidB5acWgfGKyJ8E4SUE3JdyRMKhiGqc\" target=\"_blank\" rel=\"noreferrer noopener\">https:\/\/drive.google.com\/open?id=19MOLY34t4OgXidB5acWgfGKyJ8E4SUE3JdyRMKhiGqc<\/a><\/td><\/tr><tr><td>1\u00baESO<\/td><td>EPVA<\/td><td><a href=\"https:\/\/drive.google.com\/open?id=1PS2sgNE30lVO5amRb__pFYAszBY3WohH\" target=\"_blank\" rel=\"noreferrer noopener\">https:\/\/drive.google.com\/open?id=1PS2sgNE30lVO5amRb__pFYAszBY3WohH<\/a><\/td><\/tr><tr><td>1\u00baESO<\/td><td>Geograf\u00eda e Historia<\/td><td><a href=\"https:\/\/drive.google.com\/open?id=1GcQ_4JWK5JL0RqLejI2A2QnsazkppvS4\" target=\"_blank\" rel=\"noreferrer noopener\">https:\/\/drive.google.com\/open?id=1GcQ_4JWK5JL0RqLejI2A2QnsazkppvS4<\/a><\/td><\/tr><tr><td>1\u00baESO<\/td><td>Ingl\u00e9s<\/td><td><a href=\"https:\/\/drive.google.com\/open?id=1b2ecNQcxgEnYXXLVHsmuzTCY4CFsBBmE\" target=\"_blank\" rel=\"noreferrer noopener\">https:\/\/drive.google.com\/open?id=1b2ecNQcxgEnYXXLVHsmuzTCY4CFsBBmE<\/a><\/td><\/tr><tr><td>1\u00baESO<\/td><td>Lengua Castellana y Literatura<\/td><td><a href=\"https:\/\/drive.google.com\/open?id=1HbU6xppRtHq5n1IlD5FJxQNx6HBB6dmf\" target=\"_blank\" rel=\"noreferrer noopener\">https:\/\/drive.google.com\/open?id=1HbU6xppRtHq5n1IlD5FJxQNx6HBB6dmf<\/a><\/td><\/tr><tr><td>1\u00baESO<\/td><td>Matem\u00e1ticas<\/td><td><a href=\"https:\/\/drive.google.com\/open?id=1y7aOjslGzciR_nBxyPIUTRH-22Sia6ru\" target=\"_blank\" rel=\"noreferrer noopener\">https:\/\/drive.google.com\/open?id=1y7aOjslGzciR_nBxyPIUTRH-22Sia6ru<\/a><\/td><\/tr><tr><td>1\u00baESO<\/td><td>Oratoria y debate<\/td><td><a href=\"https:\/\/drive.google.com\/open?id=1p-f0masVtqVM9j0To4i5rtAJvrzbUrYp\" target=\"_blank\" rel=\"noreferrer noopener\">https:\/\/drive.google.com\/open?id=1p-f0masVtqVM9j0To4i5rtAJvrzbUrYp<\/a><\/td><\/tr><tr><td>1\u00baESO<\/td><td>Franc\u00e9s (Segundo Idioma)<\/td><td><a href=\"https:\/\/drive.google.com\/open?id=1L_uJTFfrjsmCeBpFfK0YHPQx48r9JVJv\" target=\"_blank\" rel=\"noreferrer noopener\">https:\/\/drive.google.com\/open?id=1L_uJTFfrjsmCeBpFfK0YHPQx48r9JVJv<\/a><\/td><\/tr><tr><td>2\u00baESO<\/td><td>Atenci\u00f3n Educativa<\/td><td><a href=\"https:\/\/drive.google.com\/open?id=1FU2G4ZD4lNG1ML5StWS1FqTRtrCWEWHB\" target=\"_blank\" rel=\"noreferrer noopener\">https:\/\/drive.google.com\/open?id=1FU2G4ZD4lNG1ML5StWS1FqTRtrCWEWHB<\/a><\/td><\/tr><tr><td>2\u00baESO<\/td><td>Computaci\u00f3n y rob\u00f3tica<\/td><td><a href=\"https:\/\/drive.google.com\/open?id=1nwPAWUXeet5AZa3uG9DLmSrWfdIY2XSL\" target=\"_blank\" rel=\"noreferrer noopener\">https:\/\/drive.google.com\/open?id=1nwPAWUXeet5AZa3uG9DLmSrWfdIY2XSL<\/a><\/td><\/tr><tr><td>2\u00baESO<\/td><td>Cultura cl\u00e1sica<\/td><td><a href=\"https:\/\/drive.google.com\/open?id=1A4FA1PrK0SAfAO1S_-ep7pHYwjjQaon_\" target=\"_blank\" rel=\"noreferrer noopener\">https:\/\/drive.google.com\/open?id=1A4FA1PrK0SAfAO1S_-ep7pHYwjjQaon_<\/a><\/td><\/tr><tr><td>2\u00baESO<\/td><td>Educaci\u00f3n F\u00edsica<\/td><td><a href=\"https:\/\/drive.google.com\/open?id=1-K2KtFVgC9vmKZfSkBywruGV8aTiRiTo\" target=\"_blank\" rel=\"noreferrer noopener\">https:\/\/drive.google.com\/open?id=1-K2KtFVgC9vmKZfSkBywruGV8aTiRiTo<\/a><\/td><\/tr><tr><td>2\u00baESO<\/td><td>Educaci\u00f3n F\u00edsica<\/td><td><a href=\"https:\/\/drive.google.com\/open?id=12t65sIDYYdauwfjDO8Ulz0fk6ksd8ahABmCp2sOzfxk\" target=\"_blank\" rel=\"noreferrer noopener\">https:\/\/drive.google.com\/open?id=12t65sIDYYdauwfjDO8Ulz0fk6ksd8ahABmCp2sOzfxk<\/a><\/td><\/tr><tr><td>2\u00baESO<\/td><td>F\u00edsica y Qu\u00edmica<\/td><td><a href=\"https:\/\/drive.google.com\/open?id=1_e_LEZeARjSpBUY4lBa8AQB0VmTMHhyQ\" target=\"_blank\" rel=\"noreferrer noopener\">https:\/\/drive.google.com\/open?id=1_e_LEZeARjSpBUY4lBa8AQB0VmTMHhyQ<\/a><\/td><\/tr><tr><td>2\u00baESO<\/td><td>Geograf\u00eda e Historia<\/td><td><a href=\"https:\/\/drive.google.com\/open?id=1p1CmMaEqT49g0EnXFTRiqsr-8PV9h6ue\" target=\"_blank\" rel=\"noreferrer noopener\">https:\/\/drive.google.com\/open?id=1p1CmMaEqT49g0EnXFTRiqsr-8PV9h6ue<\/a><\/td><\/tr><tr><td>2\u00baESO<\/td><td>Ingl\u00e9s<\/td><td><a href=\"https:\/\/drive.google.com\/open?id=1IeoUbp8PZTArevT_9cE3isrrgjXjdzn_\" target=\"_blank\" rel=\"noreferrer noopener\">https:\/\/drive.google.com\/open?id=1IeoUbp8PZTArevT_9cE3isrrgjXjdzn_<\/a><\/td><\/tr><tr><td>2\u00baESO<\/td><td>Lengua Castellana y Literatura<\/td><td><a href=\"https:\/\/drive.google.com\/open?id=1G7HP39gYjrMUEcODOmW8SfNnY4IfV7AN\" target=\"_blank\" rel=\"noreferrer noopener\">https:\/\/drive.google.com\/open?id=1G7HP39gYjrMUEcODOmW8SfNnY4IfV7AN<\/a><\/td><\/tr><tr><td>2\u00baESO<\/td><td>Matem\u00e1ticas<\/td><td><a href=\"https:\/\/drive.google.com\/open?id=1EgOh_i_GrmGRq2nnGJEACnUjR7yRdVAC\" target=\"_blank\" rel=\"noreferrer noopener\">https:\/\/drive.google.com\/open?id=1EgOh_i_GrmGRq2nnGJEACnUjR7yRdVAC<\/a><\/td><\/tr><tr><td>2\u00baESO<\/td><td>Oratoria y debate<\/td><td><a href=\"https:\/\/drive.google.com\/open?id=1PWsrUGvYKJOtWBrYhHSgB2EYM_p278gn\" target=\"_blank\" rel=\"noreferrer noopener\">https:\/\/drive.google.com\/open?id=1PWsrUGvYKJOtWBrYhHSgB2EYM_p278gn<\/a><\/td><\/tr><tr><td>2\u00baESO<\/td><td>Tecnolog\u00eda y digitalizaci\u00f3n<\/td><td><a href=\"https:\/\/drive.google.com\/open?id=1d8hxHeInpKk_-PUzGsE6GNBgLjGRuGXD\" target=\"_blank\" rel=\"noreferrer noopener\">https:\/\/drive.google.com\/open?id=1d8hxHeInpKk_-PUzGsE6GNBgLjGRuGXD<\/a><\/td><\/tr><tr><td>2\u00baESO<\/td><td>Valores<\/td><td><a href=\"https:\/\/drive.google.com\/open?id=1VPjfuCIuSbdPYQ-yUonq4S_Q2lIEtfeU\" target=\"_blank\" rel=\"noreferrer noopener\">https:\/\/drive.google.com\/open?id=1VPjfuCIuSbdPYQ-yUonq4S_Q2lIEtfeU<\/a><\/td><\/tr><tr><td>2\u00baESO<\/td><td>Franc\u00e9s (Segundo Idioma)<\/td><td><a href=\"https:\/\/drive.google.com\/open?id=1-OjWQEF_Z_-h1UKKJ_D-_oC_ctU3tmwA\" target=\"_blank\" rel=\"noreferrer noopener\">https:\/\/drive.google.com\/open?id=1-OjWQEF_Z_-h1UKKJ_D-_oC_ctU3tmwA<\/a><\/td><\/tr><tr><td>3\u00baESO<\/td><td>\u00c1mbito Cient\u00edfico-Tecnol\u00f3gico<\/td><td><a href=\"https:\/\/drive.google.com\/open?id=1DnvVjYmiqob4gpeEJY0fXralf2LCrc2L\" target=\"_blank\" rel=\"noreferrer noopener\">https:\/\/drive.google.com\/open?id=1DnvVjYmiqob4gpeEJY0fXralf2LCrc2L<\/a><\/td><\/tr><tr><td>3\u00baESO<\/td><td>\u00c1mbito Cient\u00edfico-Tecnol\u00f3gico<\/td><td><a href=\"https:\/\/drive.google.com\/open?id=1TCTLlKO5-ZY9ZCbkGvhwo-O8x0We9WVi\" target=\"_blank\" rel=\"noreferrer noopener\">https:\/\/drive.google.com\/open?id=1TCTLlKO5-ZY9ZCbkGvhwo-O8x0We9WVi<\/a><\/td><\/tr><tr><td>3\u00baESO<\/td><td>Biolog\u00eda y Geolog\u00eda<\/td><td><a href=\"https:\/\/drive.google.com\/open?id=1oSHp5W7x8TZ2s4lK15WfD6rWFm_2gtw-\" target=\"_blank\" rel=\"noreferrer noopener\">https:\/\/drive.google.com\/open?id=1oSHp5W7x8TZ2s4lK15WfD6rWFm_2gtw-<\/a><\/td><\/tr><tr><td>3\u00baESO<\/td><td>Computaci\u00f3n y rob\u00f3tica<\/td><td><a href=\"https:\/\/drive.google.com\/open?id=1a0GczZp-2NdCgfcO9kHPQJJbyyWqJTX4\" target=\"_blank\" rel=\"noreferrer noopener\">https:\/\/drive.google.com\/open?id=1a0GczZp-2NdCgfcO9kHPQJJbyyWqJTX4<\/a><\/td><\/tr><tr><td>3\u00baESO<\/td><td>Cultura cl\u00e1sica<\/td><td><a href=\"https:\/\/drive.google.com\/open?id=1xbLiGAyMCOmno89jZFb9-_jZpkwYBBCG\" target=\"_blank\" rel=\"noreferrer noopener\">https:\/\/drive.google.com\/open?id=1xbLiGAyMCOmno89jZFb9-_jZpkwYBBCG<\/a><\/td><\/tr><tr><td>3\u00baESO<\/td><td>Educaci\u00f3n F\u00edsica<\/td><td><a href=\"https:\/\/drive.google.com\/open?id=1qi7xRWpCtlefzMOhN2GfDbG_stdn3GOY\" target=\"_blank\" rel=\"noreferrer noopener\">https:\/\/drive.google.com\/open?id=1qi7xRWpCtlefzMOhN2GfDbG_stdn3GOY<\/a><\/td><\/tr><tr><td>3\u00baESO<\/td><td>Educaci\u00f3n F\u00edsica<\/td><td><a href=\"https:\/\/drive.google.com\/open?id=1dotXpfFwquhxSFvjiwthPIWszVRlAm-NFkNyfz_NchA\" target=\"_blank\" rel=\"noreferrer noopener\">https:\/\/drive.google.com\/open?id=1dotXpfFwquhxSFvjiwthPIWszVRlAm-NFkNyfz_NchA<\/a><\/td><\/tr><tr><td>3\u00baESO<\/td><td>EPVA<\/td><td><a href=\"https:\/\/drive.google.com\/open?id=1HqlZFX9ZtWEY6pq5uVYrOnaabapuUCGP\" target=\"_blank\" rel=\"noreferrer noopener\">https:\/\/drive.google.com\/open?id=1HqlZFX9ZtWEY6pq5uVYrOnaabapuUCGP<\/a><\/td><\/tr><tr><td>3\u00baESO<\/td><td>F\u00edsica y Qu\u00edmica<\/td><td><a href=\"https:\/\/drive.google.com\/open?id=1EpkY90NhaRNXMesdCLJ5qsJxBCGD79_-\" target=\"_blank\" rel=\"noreferrer noopener\">https:\/\/drive.google.com\/open?id=1EpkY90NhaRNXMesdCLJ5qsJxBCGD79_-<\/a><\/td><\/tr><tr><td>3\u00baESO<\/td><td>Geograf\u00eda e Historia<\/td><td><a href=\"https:\/\/drive.google.com\/open?id=1h4l5PafKTYogru6_sdcAeZEDDSoUnT9M\" target=\"_blank\" rel=\"noreferrer noopener\">https:\/\/drive.google.com\/open?id=1h4l5PafKTYogru6_sdcAeZEDDSoUnT9M<\/a><\/td><\/tr><tr><td>3\u00baESO<\/td><td>Ingl\u00e9s<\/td><td><a href=\"https:\/\/drive.google.com\/open?id=1iWRnYnPXY2Pe5Wmv5eq7PycK2myP6xa_\" target=\"_blank\" rel=\"noreferrer noopener\">https:\/\/drive.google.com\/open?id=1iWRnYnPXY2Pe5Wmv5eq7PycK2myP6xa_<\/a><\/td><\/tr><tr><td>3\u00baESO<\/td><td>Ingl\u00e9s<\/td><td><a href=\"https:\/\/drive.google.com\/open?id=18KNuZGZfGvgrTD1U4dqn8Jii_VN85eJg\" target=\"_blank\" rel=\"noreferrer noopener\">https:\/\/drive.google.com\/open?id=18KNuZGZfGvgrTD1U4dqn8Jii_VN85eJg<\/a><\/td><\/tr><tr><td>3\u00baESO<\/td><td>Lengua Castellana y Literatura<\/td><td><a href=\"https:\/\/drive.google.com\/open?id=1dD40JrwWZlNENUR7VmrWM7qpHxGXq4x4\" target=\"_blank\" rel=\"noreferrer noopener\">https:\/\/drive.google.com\/open?id=1dD40JrwWZlNENUR7VmrWM7qpHxGXq4x4<\/a><\/td><\/tr><tr><td>3\u00baESO<\/td><td>Matem\u00e1ticas<\/td><td><a href=\"https:\/\/drive.google.com\/open?id=1-ThFKkQ870KmwkG6rs-8SqtNnMPGRI3c\" target=\"_blank\" rel=\"noreferrer noopener\">https:\/\/drive.google.com\/open?id=1-ThFKkQ870KmwkG6rs-8SqtNnMPGRI3c<\/a><\/td><\/tr><tr><td>3\u00baESO<\/td><td>Oratoria y debate<\/td><td><a href=\"https:\/\/drive.google.com\/open?id=1FvgP4zZCbu3mUBI7BD3I6sjmFoF2doJ-\" target=\"_blank\" rel=\"noreferrer noopener\">https:\/\/drive.google.com\/open?id=1FvgP4zZCbu3mUBI7BD3I6sjmFoF2doJ-<\/a><\/td><\/tr><tr><td>3\u00baESO<\/td><td>Tecnolog\u00eda y digitalizaci\u00f3n<\/td><td><a href=\"https:\/\/drive.google.com\/open?id=11EUKRUCHrbJIfXSTCRsqC57qQ9_rBQo1\" target=\"_blank\" rel=\"noreferrer noopener\">https:\/\/drive.google.com\/open?id=11EUKRUCHrbJIfXSTCRsqC57qQ9_rBQo1<\/a><\/td><\/tr><tr><td>3\u00baESO<\/td><td>Franc\u00e9s (Segundo Idioma)<\/td><td><a href=\"https:\/\/drive.google.com\/open?id=1Mwqlpb05yXIMgmNz-RwQEb4dYrD2pN0k\" target=\"_blank\" rel=\"noreferrer noopener\">https:\/\/drive.google.com\/open?id=1Mwqlpb05yXIMgmNz-RwQEb4dYrD2pN0k<\/a><\/td><\/tr><tr><td>4\u00baESO<\/td><td>\u00c1mbito Cient\u00edfico-Tecnol\u00f3gico<\/td><td><a href=\"https:\/\/drive.google.com\/open?id=1fMfgQLc4NCili7Z1esJ1-qroe5SAZHqS\" target=\"_blank\" rel=\"noreferrer noopener\">https:\/\/drive.google.com\/open?id=1fMfgQLc4NCili7Z1esJ1-qroe5SAZHqS<\/a><\/td><\/tr><tr><td>4\u00baESO<\/td><td>\u00c1mbito Ling\u00fc\u00edstico y Social<\/td><td><a href=\"https:\/\/drive.google.com\/open?id=11tq7B7E8W9uq4czW1OMDCS9uqPKzsUQx\" target=\"_blank\" rel=\"noreferrer noopener\">https:\/\/drive.google.com\/open?id=11tq7B7E8W9uq4czW1OMDCS9uqPKzsUQx<\/a><\/td><\/tr><tr><td>4\u00baESO<\/td><td>Ampliaci\u00f3n de Cultura Cl\u00e1sica<\/td><td><a href=\"https:\/\/drive.google.com\/open?id=1mvVLhCeaC_pQ2tGGLSInVx8hMr30ZUep\" target=\"_blank\" rel=\"noreferrer noopener\">https:\/\/drive.google.com\/open?id=1mvVLhCeaC_pQ2tGGLSInVx8hMr30ZUep<\/a><\/td><\/tr><tr><td>4\u00baESO<\/td><td>Biolog\u00eda y Geolog\u00eda<\/td><td><a href=\"https:\/\/drive.google.com\/open?id=1IKb6KF5LIWXMOAEv8ovU-wl8SYLmkRf9\" target=\"_blank\" rel=\"noreferrer noopener\">https:\/\/drive.google.com\/open?id=1IKb6KF5LIWXMOAEv8ovU-wl8SYLmkRf9<\/a><\/td><\/tr><tr><td>4\u00baESO<\/td><td>Cultura Cient\u00edfica<\/td><td><a href=\"https:\/\/drive.google.com\/open?id=1jpgQQxwu4XU9YmVWTgZiA_1MOpjiWcZ3\" target=\"_blank\" rel=\"noreferrer noopener\">https:\/\/drive.google.com\/open?id=1jpgQQxwu4XU9YmVWTgZiA_1MOpjiWcZ3<\/a><\/td><\/tr><tr><td>4\u00baESO<\/td><td>Dibujo T\u00e9cnico<\/td><td><a href=\"https:\/\/drive.google.com\/open?id=1sCSUEl8VlZrvK8EOMpvtsLzaKjO_ubp3\" target=\"_blank\" rel=\"noreferrer noopener\">https:\/\/drive.google.com\/open?id=1sCSUEl8VlZrvK8EOMpvtsLzaKjO_ubp3<\/a><\/td><\/tr><tr><td>4\u00baESO<\/td><td>Digitalizaci\u00f3n<\/td><td><a href=\"https:\/\/drive.google.com\/open?id=1WVgGi0hzp8J5Vx9m3Agip-grpMpZicP7\" target=\"_blank\" rel=\"noreferrer noopener\">https:\/\/drive.google.com\/open?id=1WVgGi0hzp8J5Vx9m3Agip-grpMpZicP7<\/a><\/td><\/tr><tr><td>4\u00baESO<\/td><td>Econom\u00eda y Emprendimiento<\/td><td><a href=\"https:\/\/drive.google.com\/open?id=1M9l14XQUi3BQumq498r0qFVIUrMHdNJW\" target=\"_blank\" rel=\"noreferrer noopener\">https:\/\/drive.google.com\/open?id=1M9l14XQUi3BQumq498r0qFVIUrMHdNJW<\/a><\/td><\/tr><tr><td>4\u00baESO<\/td><td>Educaci\u00f3n F\u00edsica<\/td><td><a href=\"https:\/\/drive.google.com\/open?id=1mpbbtsBFIVDpBRL_AG1mxGALVJwRGk3j\" target=\"_blank\" rel=\"noreferrer noopener\">https:\/\/drive.google.com\/open?id=1mpbbtsBFIVDpBRL_AG1mxGALVJwRGk3j<\/a><\/td><\/tr><tr><td>4\u00baESO<\/td><td>Educaci\u00f3n F\u00edsica<\/td><td><a href=\"https:\/\/drive.google.com\/open?id=1Dg77AKTj9pQj7mRqvGjP04qEB8XD77jCrTniDX94qos\" target=\"_blank\" rel=\"noreferrer noopener\">https:\/\/drive.google.com\/open?id=1Dg77AKTj9pQj7mRqvGjP04qEB8XD77jCrTniDX94qos<\/a><\/td><\/tr><tr><td>4\u00baESO<\/td><td>Expresi\u00f3n Art\u00edstica<\/td><td><a href=\"https:\/\/drive.google.com\/open?id=1Pby0D5QV9PQcz7gW4gOmQUqAPdS0_U2p\" target=\"_blank\" rel=\"noreferrer noopener\">https:\/\/drive.google.com\/open?id=1Pby0D5QV9PQcz7gW4gOmQUqAPdS0_U2p<\/a><\/td><\/tr><tr><td>4\u00baESO<\/td><td>Filosof\u00eda<\/td><td><a href=\"https:\/\/drive.google.com\/open?id=1rV1yMW-zBltJnIuI7WLj6IlXHr7KQJv8\" target=\"_blank\" rel=\"noreferrer noopener\">https:\/\/drive.google.com\/open?id=1rV1yMW-zBltJnIuI7WLj6IlXHr7KQJv8<\/a><\/td><\/tr><tr><td>4\u00baESO<\/td><td>F\u00edsica y Qu\u00edmica<\/td><td><a href=\"https:\/\/drive.google.com\/open?id=1fVLrtg5oaPBYqTxF-0h7pJU9ZtMcICv0\" target=\"_blank\" rel=\"noreferrer noopener\">https:\/\/drive.google.com\/open?id=1fVLrtg5oaPBYqTxF-0h7pJU9ZtMcICv0<\/a><\/td><\/tr><tr><td>4\u00baESO<\/td><td>Geograf\u00eda e Historia<\/td><td><a href=\"https:\/\/drive.google.com\/open?id=10eAHj-64-4rXdMW2FWPSLx6Xum21OuUf\" target=\"_blank\" rel=\"noreferrer noopener\">https:\/\/drive.google.com\/open?id=10eAHj-64-4rXdMW2FWPSLx6Xum21OuUf<\/a><\/td><\/tr><tr><td>4\u00baESO<\/td><td>Ingl\u00e9s<\/td><td><a href=\"https:\/\/drive.google.com\/open?id=1_NDgStnyPpJk7-2SShH-qTdcYHtMIJaO\" target=\"_blank\" rel=\"noreferrer noopener\">https:\/\/drive.google.com\/open?id=1_NDgStnyPpJk7-2SShH-qTdcYHtMIJaO<\/a><\/td><\/tr><tr><td>4\u00baESO<\/td><td>Lat\u00edn<\/td><td><a href=\"https:\/\/drive.google.com\/open?id=1lcclRaEfcuaXnesAA1aOdblvMRxAFhGG\" target=\"_blank\" rel=\"noreferrer noopener\">https:\/\/drive.google.com\/open?id=1lcclRaEfcuaXnesAA1aOdblvMRxAFhGG<\/a><\/td><\/tr><tr><td>4\u00baESO<\/td><td>Lengua Castellana y Literatura<\/td><td><a href=\"https:\/\/drive.google.com\/open?id=14BRck9kws_m2DEJtSyUSU4R57slWyJUR\" target=\"_blank\" rel=\"noreferrer noopener\">https:\/\/drive.google.com\/open?id=14BRck9kws_m2DEJtSyUSU4R57slWyJUR<\/a><\/td><\/tr><tr><td>4\u00baESO<\/td><td>Matem\u00e1ticas B<\/td><td><a href=\"https:\/\/drive.google.com\/open?id=1hk33ehqJBzeOBzdjWwhpfmdX2usIyOmA\" target=\"_blank\" rel=\"noreferrer noopener\">https:\/\/drive.google.com\/open?id=1hk33ehqJBzeOBzdjWwhpfmdX2usIyOmA<\/a><\/td><\/tr><tr><td>4\u00baESO<\/td><td>Tecnolog\u00eda<\/td><td><a href=\"https:\/\/drive.google.com\/open?id=1CTJHKgF_mPKGcQdM88pD9FhXjcIXq8Dy\" target=\"_blank\" rel=\"noreferrer noopener\">https:\/\/drive.google.com\/open?id=1CTJHKgF_mPKGcQdM88pD9FhXjcIXq8Dy<\/a><\/td><\/tr><tr><td>4\u00baESO<\/td><td>FOPP<\/td><td><a href=\"https:\/\/drive.google.com\/open?id=1lcMFXGyr1fZbJGqYqy4C15PL3YWCApnB\" target=\"_blank\" rel=\"noreferrer noopener\">https:\/\/drive.google.com\/open?id=1lcMFXGyr1fZbJGqYqy4C15PL3YWCApnB<\/a><\/td><\/tr><tr><td>4\u00baESO<\/td><td>Franc\u00e9s (Segundo Idioma)<\/td><td><a href=\"https:\/\/drive.google.com\/open?id=16gbTSkUBjzP4vXiFyiz5wdho8Zr8wcfu\" target=\"_blank\" rel=\"noreferrer noopener\">https:\/\/drive.google.com\/open?id=16gbTSkUBjzP4vXiFyiz5wdho8Zr8wcfu<\/a><\/td><\/tr><tr><td>4\u00baESO<\/td><td>Matem\u00e1ticas A<\/td><td><a href=\"https:\/\/drive.google.com\/open?id=1LVoBSEY8E9y96CCl0ncs6aTnCGqyxpaU\" target=\"_blank\" rel=\"noreferrer noopener\">https:\/\/drive.google.com\/open?id=1LVoBSEY8E9y96CCl0ncs6aTnCGqyxpaU<\/a><\/td><\/tr><\/tbody><\/table><\/figure>\n","protected":false},"excerpt":{"rendered":"<p>CURSO Materia ENLACE A LAS PROGRAMACIONES 1\u00baESO Biolog\u00eda y Geolog\u00eda https:\/\/drive.google.com\/open?id=1mFiNbt7MpWcHEhtAn34GyDHDrzBP-PqA 1\u00baESO Computaci\u00f3n y rob\u00f3tica&#8230;<\/p>\n","protected":false},"author":1,"featured_media":0,"parent":0,"menu_order":0,"comment_status":"closed","ping_status":"closed","template":"","meta":{"advanced_seo_description":"","jetpack_seo_html_title":"","jetpack_seo_noindex":false,"ngg_post_thumbnail":0,"footnotes":""},"class_list":["post-710","page","type-page","status-publish","hentry"],"jetpack_sharing_enabled":true,"jetpack-related-posts":[{"id":132,"url":"https:\/\/www.xn--ieslasvias-09a.es\/?page_id=132","url_meta":{"origin":710,"position":0},"title":"AVISO LEGAL","author":"admin","date":"noviembre 6, 2023","format":false,"excerpt":"1. DATOS IDENTIFICATIVOS En cumplimiento con el deber de informaci\u00f3n recogido en art\u00edculo 10 de la Ley 34\/2002, de 11 de julio, de Servicios de la Sociedad de la Informaci\u00f3n y del Comercio Electr\u00f3nico, a continuaci\u00f3n se reflejan los siguientes datos: la empresa titular de dominio web www.ieslasvi\u00f1as.es es el\u2026","rel":"","context":"Entrada similar","block_context":{"text":"Entrada similar","link":""},"img":{"alt_text":"","src":"","width":0,"height":0},"classes":[]}],"_links":{"self":[{"href":"https:\/\/www.xn--ieslasvias-09a.es\/index.php?rest_route=\/wp\/v2\/pages\/710","targetHints":{"allow":["GET"]}}],"collection":[{"href":"https:\/\/www.xn--ieslasvias-09a.es\/index.php?rest_route=\/wp\/v2\/pages"}],"about":[{"href":"https:\/\/www.xn--ieslasvias-09a.es\/index.php?rest_route=\/wp\/v2\/types\/page"}],"author":[{"embeddable":true,"href":"https:\/\/www.xn--ieslasvias-09a.es\/index.php?rest_route=\/wp\/v2\/users\/1"}],"replies":[{"embeddable":true,"href":"https:\/\/www.xn--ieslasvias-09a.es\/index.php?rest_route=%2Fwp%2Fv2%2Fcomments&post=710"}],"version-history":[{"count":2,"href":"https:\/\/www.xn--ieslasvias-09a.es\/index.php?rest_route=\/wp\/v2\/pages\/710\/revisions"}],"predecessor-version":[{"id":713,"href":"https:\/\/www.xn--ieslasvias-09a.es\/index.php?rest_route=\/wp\/v2\/pages\/710\/revisions\/713"}],"wp:attachment":[{"href":"https:\/\/www.xn--ieslasvias-09a.es\/index.php?rest_route=%2Fwp%2Fv2%2Fmedia&parent=710"}],"curies":[{"name":"wp","href":"https:\/\/api.w.org\/{rel}","templated":true}]}}