{"id":74,"date":"2023-11-03T22:04:38","date_gmt":"2023-11-03T22:04:38","guid":{"rendered":"https:\/\/www.xn--ieslasvias-09a.es\/?page_id=74"},"modified":"2024-07-04T10:15:42","modified_gmt":"2024-07-04T10:15:42","slug":"nuestro-centro","status":"publish","type":"page","link":"https:\/\/www.xn--ieslasvias-09a.es\/?page_id=74","title":{"rendered":"NUESTRO CENTRO"},"content":{"rendered":"\n<figure class=\"wp-block-image size-large\"><img loading=\"lazy\" decoding=\"async\" width=\"1024\" height=\"768\" src=\"https:\/\/www.xn--ieslasvias-09a.es\/wp-content\/uploads\/2023\/11\/WhatsApp-Image-2023-11-03-at-20.22.36-1024x768.jpeg\" alt=\"\" class=\"wp-image-53\" srcset=\"https:\/\/www.xn--ieslasvias-09a.es\/wp-content\/uploads\/2023\/11\/WhatsApp-Image-2023-11-03-at-20.22.36-1024x768.jpeg 1024w, https:\/\/www.xn--ieslasvias-09a.es\/wp-content\/uploads\/2023\/11\/WhatsApp-Image-2023-11-03-at-20.22.36-300x225.jpeg 300w, https:\/\/www.xn--ieslasvias-09a.es\/wp-content\/uploads\/2023\/11\/WhatsApp-Image-2023-11-03-at-20.22.36-768x576.jpeg 768w, https:\/\/www.xn--ieslasvias-09a.es\/wp-content\/uploads\/2023\/11\/WhatsApp-Image-2023-11-03-at-20.22.36-1536x1152.jpeg 1536w, https:\/\/www.xn--ieslasvias-09a.es\/wp-content\/uploads\/2023\/11\/WhatsApp-Image-2023-11-03-at-20.22.36-2048x1536.jpeg 2048w\" sizes=\"auto, (max-width: 1024px) 100vw, 1024px\" \/><\/figure>\n\n\n\n<p><strong>DIRECCION<\/strong>: Avenida Am\u00e9rica, 36     29532 MOLLINA(MALAGA)<\/p>\n\n\n\n<p><strong>TELEFONOS<\/strong>: 671  56 94 02<\/p>\n\n\n\n<p><strong>FAX<\/strong>: 951 712950<\/p>\n\n\n\n<p><strong>CODIGO CENTRO<\/strong>: 29701131<\/p>\n\n\n\n<iframe src=\"https:\/\/www.google.com\/maps\/embed?pb=!1m18!1m12!1m3!1d3181.1672057616192!2d-4.663850224961042!3d37.124936849328336!2m3!1f0!2f0!3f0!3m2!1i1024!2i768!4f13.1!3m3!1m2!1s0xd729eb41a044405%3A0xdcd642adf3a1de1d!2sInstituto%20de%20Educaci%C3%B3n%20Secundaria%20Las%20Vi%C3%B1as!5e0!3m2!1ses!2ses!4v1700172041469!5m2!1ses!2ses\" width=\"600\" height=\"450\" style=\"border:0;\" allowfullscreen=\"\" loading=\"lazy\" referrerpolicy=\"no-referrer-when-downgrade\"><\/iframe>\n","protected":false},"excerpt":{"rendered":"<p>DIRECCION: Avenida Am\u00e9rica, 36 29532 MOLLINA(MALAGA) TELEFONOS: 671 56 94 02 FAX: 951 712950 CODIGO&#8230;<\/p>\n","protected":false},"author":1,"featured_media":0,"parent":0,"menu_order":0,"comment_status":"closed","ping_status":"closed","template":"","meta":{"advanced_seo_description":"INSTITUTO EDUCACION SECUNDARIA MOLLINA","jetpack_seo_html_title":"IES LAS VI\u00d1AS","jetpack_seo_noindex":false,"ngg_post_thumbnail":0,"footnotes":""},"class_list":["post-74","page","type-page","status-publish","hentry"],"jetpack_sharing_enabled":true,"jetpack-related-posts":[{"id":258,"url":"https:\/\/www.xn--ieslasvias-09a.es\/?page_id=258","url_meta":{"origin":74,"position":0},"title":"PLAN DE CENTRO","author":"admin","date":"noviembre 16, 2023","format":false,"excerpt":"","rel":"","context":"Entrada similar","block_context":{"text":"Entrada similar","link":""},"img":{"alt_text":"","src":"","width":0,"height":0},"classes":[]},{"id":132,"url":"https:\/\/www.xn--ieslasvias-09a.es\/?page_id=132","url_meta":{"origin":74,"position":1},"title":"AVISO LEGAL","author":"admin","date":"noviembre 6, 2023","format":false,"excerpt":"1. DATOS IDENTIFICATIVOS En cumplimiento con el deber de informaci\u00f3n recogido en art\u00edculo 10 de la Ley 34\/2002, de 11 de julio, de Servicios de la Sociedad de la Informaci\u00f3n y del Comercio Electr\u00f3nico, a continuaci\u00f3n se reflejan los siguientes datos: la empresa titular de dominio web www.ieslasvi\u00f1as.es es el\u2026","rel":"","context":"Entrada similar","block_context":{"text":"Entrada similar","link":""},"img":{"alt_text":"","src":"","width":0,"height":0},"classes":[]}],"_links":{"self":[{"href":"https:\/\/www.xn--ieslasvias-09a.es\/index.php?rest_route=\/wp\/v2\/pages\/74","targetHints":{"allow":["GET"]}}],"collection":[{"href":"https:\/\/www.xn--ieslasvias-09a.es\/index.php?rest_route=\/wp\/v2\/pages"}],"about":[{"href":"https:\/\/www.xn--ieslasvias-09a.es\/index.php?rest_route=\/wp\/v2\/types\/page"}],"author":[{"embeddable":true,"href":"https:\/\/www.xn--ieslasvias-09a.es\/index.php?rest_route=\/wp\/v2\/users\/1"}],"replies":[{"embeddable":true,"href":"https:\/\/www.xn--ieslasvias-09a.es\/index.php?rest_route=%2Fwp%2Fv2%2Fcomments&post=74"}],"version-history":[{"count":8,"href":"https:\/\/www.xn--ieslasvias-09a.es\/index.php?rest_route=\/wp\/v2\/pages\/74\/revisions"}],"predecessor-version":[{"id":622,"href":"https:\/\/www.xn--ieslasvias-09a.es\/index.php?rest_route=\/wp\/v2\/pages\/74\/revisions\/622"}],"wp:attachment":[{"href":"https:\/\/www.xn--ieslasvias-09a.es\/index.php?rest_route=%2Fwp%2Fv2%2Fmedia&parent=74"}],"curies":[{"name":"wp","href":"https:\/\/api.w.org\/{rel}","templated":true}]}}